{"id":966,"date":"2018-04-03T08:31:31","date_gmt":"2018-04-03T08:31:31","guid":{"rendered":"http:\/\/dijitalturk.com\/veysel\/?page_id=966"},"modified":"2018-10-02T09:06:36","modified_gmt":"2018-10-02T09:06:36","slug":"dijitalturk-gizlilik-politikasi","status":"publish","type":"page","link":"https:\/\/dijitalturk.com\/veysel\/dijitalturk-gizlilik-politikasi\/","title":{"rendered":"DijitalTurk Gizlilik Politikas\u0131"},"content":{"rendered":"<p style=\"padding-left: 30px;\">Bu gizlilik politikas\u0131 ile Bo\u011fa Bili\u015fim internet sitesi <strong>dijitalturk.com<\/strong> (Gizlilik politikas\u0131nda \u201c<strong>DijitalTurk<\/strong>\u201d olarak an\u0131lacakt\u0131r) \u00fczerinden kullan\u0131c\u0131lar\u0131n dijitalturk.com\u2019da bulunan ki\u015fisel bilgilerinin kullan\u0131m\u0131 ve korunmas\u0131 d\u00fczenlenmektedir.<\/p>\n<p style=\"padding-left: 30px;\">Kullan\u0131c\u0131lar\u0131n ki\u015fisel bilgileri, ad\u0131 \u2013 soyad\u0131, do\u011fum tarihi, telefon numaras\u0131, e-posta adresi, T.C kimlik numaras\u0131 gibi kullan\u0131c\u0131y\u0131 do\u011frudan ya da dolayl\u0131 olarak tan\u0131mlamaya y\u00f6nelik her t\u00fcrl\u00fc ki\u015fisel bilgi olup, bu gizlilik politikas\u0131nda \u201cki\u015fisel bilgiler\u201d olarak an\u0131lacakt\u0131r.<\/p>\n<p style=\"padding-left: 30px;\">DijitalTurk kullan\u0131c\u0131lar\u0131n\u0131n ki\u015fisel bilgileri, bu gizlilik politikas\u0131 ile belirlenen esas ve kapsam haricinde hi\u00e7bir \u015fekilde kullan\u0131lmayacak ve ancak kullan\u0131c\u0131n\u0131n a\u00e7\u0131k r\u0131zas\u0131 ile \u00fc\u00e7\u00fcnc\u00fc ki\u015filerle payla\u015f\u0131lacakt\u0131r.<\/p>\n<p style=\"padding-left: 30px;\">DijitalTurk, ki\u015fisel bilgilerin ve DijitalTurk kullan\u0131c\u0131lar\u0131n\u0131n ger\u00e7ekle\u015ftirmi\u015f oldu\u011fu i\u015flem bilgilerinin g\u00fcvenli\u011fini ve gizlili\u011fini sa\u011flamak i\u00e7in gerekli \u00f6nlemleri almaktad\u0131r. DijitalTurk bu ama\u00e7la, ba\u015fka programlar kullanabilir. Ancak, DijitalTurk taraf\u0131ndan gerekli bilgi g\u00fcvenli\u011fi \u00f6nlemlerinin almas\u0131na kar\u015f\u0131n internet sitesine ve\/veya sisteme yap\u0131lan sald\u0131r\u0131lar sonucunda ki\u015fisel bilgilerin zarar g\u00f6rmesi veya \u00fc\u00e7\u00fcnc\u00fc ki\u015filerin eline ge\u00e7mesi durumunda, DijitalTurk\u2019un bu nedenle herhangi bir sorumlulu\u011fu olmayacakt\u0131r.<\/p>\n<p style=\"padding-left: 30px;\">Bir kullan\u0131c\u0131n\u0131n, bir ba\u015fka kullan\u0131c\u0131n\u0131n bilgilerine ula\u015fmas\u0131 ve bu bilgileri de\u011fi\u015ftirmesi m\u00fcmk\u00fcn de\u011fildir. Kullan\u0131c\u0131n\u0131n ki\u015fisel bilgileri, DijitalTurk haricinde yaln\u0131zca kullan\u0131c\u0131 taraf\u0131ndan ula\u015f\u0131labilir ve bu bilgiler ancak kullan\u0131c\u0131 taraf\u0131ndan g\u00fcncellenebilir. Kullan\u0131c\u0131n\u0131n talebi ile ki\u015fisel bilgiler DijitalTurk taraf\u0131ndan da g\u00fcncellenebilecektir.<\/p>\n<p style=\"padding-left: 30px;\">DijitalTurk, ki\u015fisel bilgileri \u00f6l\u00e7\u00fcmleme \u00e7al\u0131\u015fmalar\u0131, reklam, tan\u0131t\u0131m, pazarlama ile sair ileti\u015fim faaliyetleri amac\u0131yla kullanabilece\u011fi ve Grup \u015eirketleri ile i\u015f ortaklar\u0131yla payla\u015fabilece\u011fi gibi DijitalTurk taraf\u0131ndan sunulan hizmet kalitesinin artt\u0131r\u0131lmas\u0131 ve site faaliyetlerinin daha iyi \u015fekilde y\u00fcr\u00fct\u00fclmesi amac\u0131yla da kay\u0131t alt\u0131na al\u0131nabilir ve kullanabilir.<\/p>\n<p style=\"padding-left: 30px;\">\u0130dari kurumlar ve adli kurumlar taraf\u0131ndan gelen talepler ve bildirimler do\u011frultusunda ki\u015fisel bilgiler, Gizlilik Politikas\u0131na uygun olarak adli ve idari kurumlar ile payla\u015f\u0131labilir.<\/p>\n<p style=\"padding-left: 30px;\">Kullan\u0131c\u0131n\u0131n ki\u015fisel bilgileri; ger\u00e7ekle\u015ftirilen i\u015flemlerde gerekli g\u00f6r\u00fclmesi halinde, s\u00fcrecin h\u0131zland\u0131r\u0131lmas\u0131 ve kullan\u0131c\u0131lar aras\u0131ndaki ileti\u015fimi sa\u011flamak amac\u0131yla i\u015fleme dahil olan di\u011fer kullan\u0131c\u0131 ile payla\u015f\u0131labilir.<\/p>\n<p style=\"padding-left: 30px;\">DijitalTurk, internet sayfas\u0131n\u0131 kullanan kullan\u0131c\u0131lar\u0131n istatistiksel bilgilerini, teknik bir ileti\u015fim dosyas\u0131n\u0131 kullanarak elde edebilir. Kullan\u0131c\u0131lar isterse, bu dosyay\u0131 engellemeye y\u00f6nelik taray\u0131c\u0131 ayarlar\u0131n\u0131 de\u011fi\u015ftirebilirler.<\/p>\n<p style=\"padding-left: 30px;\">DijitalTurk internet sitesini ziyaret eden her kullan\u0131c\u0131, <strong>DijitalTurk<\/strong> gizlilik politikas\u0131 h\u00fck\u00fcmlerini kabul etmi\u015f say\u0131lacakt\u0131r.<\/p>\n","protected":false},"excerpt":{"rendered":"<p>Bu gizlilik politikas\u0131 ile Bo\u011fa Bili\u015fim internet sitesi dijitalturk.com (Gizlilik politikas\u0131nda \u201cDijitalTurk\u201d olarak an\u0131lacakt\u0131r) \u00fczerinden kullan\u0131c\u0131lar\u0131n dijitalturk.com\u2019da bulunan ki\u015fisel bilgilerinin [&hellip;]<\/p>\n","protected":false},"author":1,"featured_media":0,"parent":0,"menu_order":0,"comment_status":"closed","ping_status":"closed","template":"","meta":{"_uag_custom_page_level_css":"","site-sidebar-layout":"default","site-content-layout":"","ast-site-content-layout":"default","site-content-style":"default","site-sidebar-style":"default","ast-global-header-display":"","ast-banner-title-visibility":"","ast-main-header-display":"","ast-hfb-above-header-display":"","ast-hfb-below-header-display":"","ast-hfb-mobile-header-display":"","site-post-title":"","ast-breadcrumbs-content":"","ast-featured-img":"","footer-sml-layout":"","ast-disable-related-posts":"","theme-transparent-header-meta":"","adv-header-id-meta":"","stick-header-meta":"","header-above-stick-meta":"","header-main-stick-meta":"","header-below-stick-meta":"","astra-migrate-meta-layouts":"default","ast-page-background-enabled":"default","ast-page-background-meta":{"desktop":{"background-color":"var(--ast-global-color-4)","background-image":"","background-repeat":"repeat","background-position":"center center","background-size":"auto","background-attachment":"scroll","background-type":"","background-media":"","overlay-type":"","overlay-color":"","overlay-opacity":"","overlay-gradient":""},"tablet":{"background-color":"","background-image":"","background-repeat":"repeat","background-position":"center center","background-size":"auto","background-attachment":"scroll","background-type":"","background-media":"","overlay-type":"","overlay-color":"","overlay-opacity":"","overlay-gradient":""},"mobile":{"background-color":"","background-image":"","background-repeat":"repeat","background-position":"center center","background-size":"auto","background-attachment":"scroll","background-type":"","background-media":"","overlay-type":"","overlay-color":"","overlay-opacity":"","overlay-gradient":""}},"ast-content-background-meta":{"desktop":{"background-color":"var(--ast-global-color-5)","background-image":"","background-repeat":"repeat","background-position":"center center","background-size":"auto","background-attachment":"scroll","background-type":"","background-media":"","overlay-type":"","overlay-color":"","overlay-opacity":"","overlay-gradient":""},"tablet":{"background-color":"var(--ast-global-color-5)","background-image":"","background-repeat":"repeat","background-position":"center center","background-size":"auto","background-attachment":"scroll","background-type":"","background-media":"","overlay-type":"","overlay-color":"","overlay-opacity":"","overlay-gradient":""},"mobile":{"background-color":"var(--ast-global-color-5)","background-image":"","background-repeat":"repeat","background-position":"center center","background-size":"auto","background-attachment":"scroll","background-type":"","background-media":"","overlay-type":"","overlay-color":"","overlay-opacity":"","overlay-gradient":""}},"footnotes":""},"class_list":["post-966","page","type-page","status-publish","hentry"],"uagb_featured_image_src":{"full":false,"thumbnail":false,"medium":false,"medium_large":false,"large":false,"1536x1536":false,"2048x2048":false},"uagb_author_info":{"display_name":"VeYSeL","author_link":"https:\/\/dijitalturk.com\/veysel\/author\/veysel\/"},"uagb_comment_info":0,"uagb_excerpt":"Bu gizlilik politikas\u0131 ile Bo\u011fa Bili\u015fim internet sitesi dijitalturk.com (Gizlilik politikas\u0131nda \u201cDijitalTurk\u201d olarak an\u0131lacakt\u0131r) \u00fczerinden kullan\u0131c\u0131lar\u0131n dijitalturk.com\u2019da bulunan ki\u015fisel bilgilerinin [&hellip;]","_links":{"self":[{"href":"https:\/\/dijitalturk.com\/veysel\/wp-json\/wp\/v2\/pages\/966","targetHints":{"allow":["GET"]}}],"collection":[{"href":"https:\/\/dijitalturk.com\/veysel\/wp-json\/wp\/v2\/pages"}],"about":[{"href":"https:\/\/dijitalturk.com\/veysel\/wp-json\/wp\/v2\/types\/page"}],"author":[{"embeddable":true,"href":"https:\/\/dijitalturk.com\/veysel\/wp-json\/wp\/v2\/users\/1"}],"replies":[{"embeddable":true,"href":"https:\/\/dijitalturk.com\/veysel\/wp-json\/wp\/v2\/comments?post=966"}],"version-history":[{"count":0,"href":"https:\/\/dijitalturk.com\/veysel\/wp-json\/wp\/v2\/pages\/966\/revisions"}],"wp:attachment":[{"href":"https:\/\/dijitalturk.com\/veysel\/wp-json\/wp\/v2\/media?parent=966"}],"curies":[{"name":"wp","href":"https:\/\/api.w.org\/{rel}","templated":true}]}}